{"id":11,"date":"2021-12-05T19:46:15","date_gmt":"2021-12-05T16:46:15","guid":{"rendered":"https:\/\/sosyologmerve.com\/?page_id=11"},"modified":"2023-08-22T14:48:03","modified_gmt":"2023-08-22T11:48:03","slug":"yeni-umoma-kapilarini-aciyor-2","status":"publish","type":"page","link":"https:\/\/sosyologmerve.com\/","title":{"rendered":"Sosyolo\u011fun yaz\u0131lar\u0131n\u0131 yay\u0131mlad\u0131\u011f\u0131 bir platformdur."},"content":{"rendered":"\n<div class=\"wp-block-columns alignwide is-layout-flex wp-container-core-columns-is-layout-9d6595d7 wp-block-columns-is-layout-flex\">\n<div class=\"wp-block-column is-layout-flow wp-block-column-is-layout-flow\">\n<figure class=\"wp-block-image size-large is-resized\"><img loading=\"lazy\" decoding=\"async\" src=\"https:\/\/sosyologmerve.com\/wp-content\/uploads\/2021\/12\/B612_20200316_151806_448-1024x767.jpg\" alt=\"\" class=\"wp-image-92\" width=\"872\" height=\"653\" srcset=\"https:\/\/sosyologmerve.com\/wp-content\/uploads\/2021\/12\/B612_20200316_151806_448-1024x767.jpg 1024w, https:\/\/sosyologmerve.com\/wp-content\/uploads\/2021\/12\/B612_20200316_151806_448-300x225.jpg 300w, https:\/\/sosyologmerve.com\/wp-content\/uploads\/2021\/12\/B612_20200316_151806_448-768x575.jpg 768w, https:\/\/sosyologmerve.com\/wp-content\/uploads\/2021\/12\/B612_20200316_151806_448.jpg 1440w\" sizes=\"auto, (max-width: 872px) 100vw, 872px\" \/><\/figure>\n<\/div>\n<\/div>\n\n\n\n<h4 class=\"has-text-align-center wp-block-heading\"> <p>&#8220;Sosyoloji sayesinde toplum kendini fark eder.&#8221;<\/p> <\/h4>\n","protected":false},"excerpt":{"rendered":"<p>&#8220;Sosyoloji sayesinde toplum kendini fark eder.&#8221;<\/p>\n","protected":false},"author":1,"featured_media":0,"parent":0,"menu_order":0,"comment_status":"closed","ping_status":"closed","template":"","meta":{"om_disable_all_campaigns":false,"_monsterinsights_skip_tracking":false,"_monsterinsights_sitenote_active":false,"_monsterinsights_sitenote_note":"","_monsterinsights_sitenote_category":0,"footnotes":""},"class_list":["post-11","page","type-page","status-publish","hentry"],"aioseo_notices":[],"_links":{"self":[{"href":"https:\/\/sosyologmerve.com\/index.php\/wp-json\/wp\/v2\/pages\/11","targetHints":{"allow":["GET"]}}],"collection":[{"href":"https:\/\/sosyologmerve.com\/index.php\/wp-json\/wp\/v2\/pages"}],"about":[{"href":"https:\/\/sosyologmerve.com\/index.php\/wp-json\/wp\/v2\/types\/page"}],"author":[{"embeddable":true,"href":"https:\/\/sosyologmerve.com\/index.php\/wp-json\/wp\/v2\/users\/1"}],"replies":[{"embeddable":true,"href":"https:\/\/sosyologmerve.com\/index.php\/wp-json\/wp\/v2\/comments?post=11"}],"version-history":[{"count":15,"href":"https:\/\/sosyologmerve.com\/index.php\/wp-json\/wp\/v2\/pages\/11\/revisions"}],"predecessor-version":[{"id":241,"href":"https:\/\/sosyologmerve.com\/index.php\/wp-json\/wp\/v2\/pages\/11\/revisions\/241"}],"wp:attachment":[{"href":"https:\/\/sosyologmerve.com\/index.php\/wp-json\/wp\/v2\/media?parent=11"}],"curies":[{"name":"wp","href":"https:\/\/api.w.org\/{rel}","templated":true}]}}