{"id":12,"date":"2021-12-05T19:46:15","date_gmt":"2021-12-05T16:46:15","guid":{"rendered":"https:\/\/sosyologmerve.com\/?page_id=12"},"modified":"2025-05-13T14:34:06","modified_gmt":"2025-05-13T11:34:06","slug":"hakkimizda","status":"publish","type":"page","link":"https:\/\/sosyologmerve.com\/index.php\/hakkimizda\/","title":{"rendered":"Hakk\u0131mda"},"content":{"rendered":"\n<p>Ben Merve.<\/p>\n\n\n\n<p>28 A\u011fustos 1999 tarihinde Mardin\u2019de do\u011fdum. Dicle \u00dcniversitesi Sosyoloji b\u00f6l\u00fcm\u00fc mezunuyum. Kitap okumaya ve yaz\u0131 yazmaya ilgim ta k\u00fc\u00e7\u00fckl\u00fc\u011f\u00fcmden beri vard\u0131. Bu blo\u011fu farkl\u0131 konularda yazd\u0131\u011f\u0131m yaz\u0131lar\u0131m\u0131 ba\u015fkalar\u0131yla da payla\u015fabilmek ad\u0131na a\u00e7t\u0131m. Umar\u0131m ba\u015fkalar\u0131n\u0131n hayatlar\u0131na de\u011fer katabilecek bilgileri onlarla bu blog vas\u0131tas\u0131yla bulu\u015ftururum. Biraz da yaz\u0131 yazmaya, yeni bir \u015feyler yapmaya beni iten \u015feylerden bahsetmek istiyorum. 2017 y\u0131l\u0131nda liseden mezun oldum. Lisede her ne kadar 9.s\u0131n\u0131fta dersleri sallamayan ve 5 zay\u0131f\u0131 olan bir \u00f6\u011frenci olsam da daha sonra bir \u015fekilde toparlan\u0131p ba\u015far\u0131l\u0131 bir \u00f6\u011frenci olarak mezun oldum. Hedefim hukuk fak\u00fcltesi kazanmakt\u0131. 2017 y\u0131l\u0131 YGS&amp;LYS s\u0131navlar\u0131nda ba\u015far\u0131s\u0131z oldum. Bu benim i\u00e7in b\u00fcy\u00fck bir hayal k\u0131r\u0131kl\u0131\u011f\u0131yd\u0131. G\u00fcnlerce evden \u00e7\u0131kmad\u0131\u011f\u0131m\u0131 bilirim. Sanki d\u00fcnyam ba\u015f\u0131ma y\u0131k\u0131lm\u0131\u015f gibiydi,\u00a0 evet,\u00a0 psikolojik olarak aynen b\u00f6yle hissediyordum. Aaa bir de \u00e7evre bask\u0131s\u0131\u2026 Normal g\u00fcnl\u00fck hayat\u0131mda beni aramayan sormayan ne kadar akrabam, arkada\u015f\u0131m varsa s\u0131nav sonu\u00e7lar\u0131 a\u00e7\u0131kland\u0131\u011f\u0131 g\u00fcn beni arad\u0131lar. Bana ula\u015famayan, babam\u0131 arad\u0131. Ve b\u00f6ylelikle can\u0131m\u0131 s\u0131kan \u00e7ok \u015fey oldu. Ayn\u0131 y\u0131l\u0131n Eyl\u00fcl ay\u0131n\u0131n ilk g\u00fcn\u00fc sabah erkenden kalk\u0131p; her \u015feye en ba\u015ftan ba\u015flayaca\u011f\u0131ma dair kendime s\u00f6z verdim. \u00c7al\u0131\u015fma d\u00fczenimde de\u011fi\u015fiklikler yapt\u0131m, pilatese ba\u015flad\u0131m, d\u00fczenli olarak k\u00fct\u00fcphaneye gittim, daha \u00e7ok okudum, daha \u00e7ok ara\u015ft\u0131rd\u0131m ve daha \u00e7ok \u00e7al\u0131\u015ft\u0131m\u2026 Derken 2018 y\u0131l\u0131 TYT&amp;AYT s\u0131navlar\u0131na girdim ve yine ba\u015far\u0131s\u0131z oldum\u2026 Tabi bu sefer her \u015fey farkl\u0131yd\u0131; g\u00fcnlerce eve kapan\u0131p kendimi \u00fczmedim ve en \u00f6nemlisi kendimden emindim. \u00c7\u00fcnk\u00fc elimden geleni yapm\u0131\u015ft\u0131m. Bir s\u00fcre dinlendim ve tekrar ba\u015flad\u0131m \u00e7al\u0131\u015fmaya. S\u00fcre\u00e7 i\u00e7erisinde herhangi bir kursa\/dershaneye gitmedi\u011fimden ve \u00f6zel ders almad\u0131\u011f\u0131mdan bir hayli zorland\u0131\u011f\u0131m\u0131 s\u00f6yleyebilirim. 2018 y\u0131l\u0131nda bir de\u011fi\u015fiklik yap\u0131p bir kursa yaz\u0131ld\u0131m. D\u00fczenli olarak gitmedim, \u00e7o\u011funlukla \u00e7\u00f6zemedi\u011fim sorular\u0131 \u00e7\u00f6zd\u00fcrmek i\u00e7in kursa gittim. Kursa d\u00fczenli kat\u0131l\u0131m sa\u011flamamama ra\u011fmen \u00e7ok g\u00fczel arkada\u015flar edindim. Kursun en g\u00fczel yan\u0131 buydu bence. G\u00fcnler, haftalar ve aylar \u00e7abucak ge\u00e7ti ve yine s\u0131nav g\u00fcn\u00fc geldi. Yine hukuk fak\u00fcltesi hayaliyle s\u0131nava girdim. Sonu\u00e7lar a\u00e7\u0131klan\u0131nca yine istedi\u011fim s\u0131ralamay\u0131 elde edemedi\u011fimi g\u00f6r\u00fcnce \u00fcz\u00fcld\u00fcm. \u00dc\u00e7 kez s\u0131nava girmi\u015ftim ve buna ra\u011fmen hayalim olan b\u00f6l\u00fcm\u00fc kazanamam\u0131\u015ft\u0131m. \u00c7evre bask\u0131s\u0131n\u0131 ilk kez iliklerime kadar hissettim. Arkada\u015f \u00e7evresi, akrabalar, \u00f6\u011fretmenlerim ve buna art\u0131k ailem de dahildi. 2019 y\u0131l\u0131nda kendimi \u00fcniversite tercihi yapmak zorundaym\u0131\u015f gibi hissettim ve bence zorundayd\u0131m. Bir daha o kadar bask\u0131y\u0131 kald\u0131rabilece\u011fimi sanm\u0131yordum. \u015eu an okumakta oldu\u011fum sosyoloji b\u00f6l\u00fcm\u00fcne yerle\u015ftim. \u0130stemeye istemeye okula gittim. Dersler ilk haftalar o kadar zor ve s\u0131k\u0131c\u0131 geliyordu ki\u2026 Tabi bir s\u00fcre sonra al\u0131\u015ft\u0131m ve b\u00f6l\u00fcm\u00fcm\u00fc sevmeye ba\u015flad\u0131m. Bu b\u00f6l\u00fcm\u00fc sevebilece\u011fimi hi\u00e7 d\u00fc\u015f\u00fcnm\u00fcyordum. B\u00f6l\u00fcm\u00fc bana sevdiren, \u00e7ok de\u011ferli bir hocam. Hayat \u00e7ok garip, istemeyerek geldi\u011fim b\u00f6l\u00fcmde kendimi buldum. \u015eu an iyi ki buraday\u0131m ve iyi ki sosyoloji okuyorum diyorum. Umar\u0131m bundan sonra da hep iyikilerim olur, iyikilerimiz olur.<\/p>\n","protected":false},"excerpt":{"rendered":"<p>Ben Merve. 28 A\u011fustos 1999 tarihinde Mardin\u2019de do\u011fdum. Dicle \u00dcniversitesi Sosyoloji b\u00f6l\u00fcm\u00fc mezunuyum. Kitap okumaya ve yaz\u0131 yazmaya ilgim ta k\u00fc\u00e7\u00fckl\u00fc\u011f\u00fcmden beri vard\u0131. Bu blo\u011fu &hellip; <\/p>\n","protected":false},"author":1,"featured_media":0,"parent":0,"menu_order":0,"comment_status":"closed","ping_status":"closed","template":"","meta":{"om_disable_all_campaigns":false,"_monsterinsights_skip_tracking":false,"_monsterinsights_sitenote_active":false,"_monsterinsights_sitenote_note":"","_monsterinsights_sitenote_category":0,"footnotes":""},"class_list":["post-12","page","type-page","status-publish","hentry"],"aioseo_notices":[],"_links":{"self":[{"href":"https:\/\/sosyologmerve.com\/index.php\/wp-json\/wp\/v2\/pages\/12","targetHints":{"allow":["GET"]}}],"collection":[{"href":"https:\/\/sosyologmerve.com\/index.php\/wp-json\/wp\/v2\/pages"}],"about":[{"href":"https:\/\/sosyologmerve.com\/index.php\/wp-json\/wp\/v2\/types\/page"}],"author":[{"embeddable":true,"href":"https:\/\/sosyologmerve.com\/index.php\/wp-json\/wp\/v2\/users\/1"}],"replies":[{"embeddable":true,"href":"https:\/\/sosyologmerve.com\/index.php\/wp-json\/wp\/v2\/comments?post=12"}],"version-history":[{"count":4,"href":"https:\/\/sosyologmerve.com\/index.php\/wp-json\/wp\/v2\/pages\/12\/revisions"}],"predecessor-version":[{"id":254,"href":"https:\/\/sosyologmerve.com\/index.php\/wp-json\/wp\/v2\/pages\/12\/revisions\/254"}],"wp:attachment":[{"href":"https:\/\/sosyologmerve.com\/index.php\/wp-json\/wp\/v2\/media?parent=12"}],"curies":[{"name":"wp","href":"https:\/\/api.w.org\/{rel}","templated":true}]}}